{"id":23,"date":"2023-12-23T15:15:43","date_gmt":"2023-12-23T15:15:43","guid":{"rendered":"https:\/\/www.pascallanneau.be\/?page_id=23"},"modified":"2024-03-26T11:09:43","modified_gmt":"2024-03-26T11:09:43","slug":"over-mij","status":"publish","type":"page","link":"https:\/\/www.pascallanneau.be\/?page_id=23","title":{"rendered":"Over mij"},"content":{"rendered":"\t\t<div data-elementor-type=\"wp-page\" data-elementor-id=\"23\" class=\"elementor elementor-23\">\n\t\t\t\t<div class=\"elementor-element elementor-element-9d9b41d e-flex e-con-boxed e-con e-parent\" data-id=\"9d9b41d\" data-element_type=\"container\" data-core-v316-plus=\"true\">\n\t\t\t\t\t<div class=\"e-con-inner\">\n\t\t\t\t<div class=\"elementor-element elementor-element-6eb09cb elementor-widget elementor-widget-text-editor\" data-id=\"6eb09cb\" data-element_type=\"widget\" data-widget_type=\"text-editor.default\">\n\t\t\t\t<div class=\"elementor-widget-container\">\n\t\t\t<style>\/*! elementor - v3.20.0 - 26-03-2024 *\/\n.elementor-widget-text-editor.elementor-drop-cap-view-stacked .elementor-drop-cap{background-color:#69727d;color:#fff}.elementor-widget-text-editor.elementor-drop-cap-view-framed .elementor-drop-cap{color:#69727d;border:3px solid;background-color:transparent}.elementor-widget-text-editor:not(.elementor-drop-cap-view-default) .elementor-drop-cap{margin-top:8px}.elementor-widget-text-editor:not(.elementor-drop-cap-view-default) .elementor-drop-cap-letter{width:1em;height:1em}.elementor-widget-text-editor .elementor-drop-cap{float:left;text-align:center;line-height:1;font-size:50px}.elementor-widget-text-editor .elementor-drop-cap-letter{display:inline-block}<\/style>\t\t\t\t<p>In 1997 voltooide ik mijn opleiding aan de Faculteit Diergeneeskunde van de Universiteit Gent. Op de campus Merelbeke, ben ik als eerste van mijn lichting afgestudeerd.<\/p>\n<p>In 1998 heb ik mijn eigen praktijk opgericht. In eerste instantie behandelde ik allerlei soorten dieren. Na enige tijd heb ik besloten om mij volledig te richten op kleine huisdieren en mij verder te specialiseren in de behandeling van sportduiven, waar mijn passie en expertise liggen.<\/p>\t\t\t\t\t\t<\/div>\n\t\t\t\t<\/div>\n\t\t\t\t\t<\/div>\n\t\t\t\t<\/div>\n\t\t<div class=\"elementor-element elementor-element-9805822 e-flex e-con-boxed e-con e-parent\" data-id=\"9805822\" data-element_type=\"container\" data-core-v316-plus=\"true\">\n\t\t\t\t\t<div class=\"e-con-inner\">\n\t\t\t\t<div class=\"elementor-element elementor-element-1bc3481 elementor-widget elementor-widget-spacer\" data-id=\"1bc3481\" data-element_type=\"widget\" data-widget_type=\"spacer.default\">\n\t\t\t\t<div class=\"elementor-widget-container\">\n\t\t\t<style>\/*! elementor - v3.20.0 - 26-03-2024 *\/\n.elementor-column .elementor-spacer-inner{height:var(--spacer-size)}.e-con{--container-widget-width:100%}.e-con-inner>.elementor-widget-spacer,.e-con>.elementor-widget-spacer{width:var(--container-widget-width,var(--spacer-size));--align-self:var(--container-widget-align-self,initial);--flex-shrink:0}.e-con-inner>.elementor-widget-spacer>.elementor-widget-container,.e-con>.elementor-widget-spacer>.elementor-widget-container{height:100%;width:100%}.e-con-inner>.elementor-widget-spacer>.elementor-widget-container>.elementor-spacer,.e-con>.elementor-widget-spacer>.elementor-widget-container>.elementor-spacer{height:100%}.e-con-inner>.elementor-widget-spacer>.elementor-widget-container>.elementor-spacer>.elementor-spacer-inner,.e-con>.elementor-widget-spacer>.elementor-widget-container>.elementor-spacer>.elementor-spacer-inner{height:var(--container-widget-height,var(--spacer-size))}.e-con-inner>.elementor-widget-spacer.elementor-widget-empty,.e-con>.elementor-widget-spacer.elementor-widget-empty{position:relative;min-height:22px;min-width:22px}.e-con-inner>.elementor-widget-spacer.elementor-widget-empty .elementor-widget-empty-icon,.e-con>.elementor-widget-spacer.elementor-widget-empty .elementor-widget-empty-icon{position:absolute;top:0;bottom:0;left:0;right:0;margin:auto;padding:0;width:22px;height:22px}<\/style>\t\t<div class=\"elementor-spacer\">\n\t\t\t<div class=\"elementor-spacer-inner\"><\/div>\n\t\t<\/div>\n\t\t\t\t<\/div>\n\t\t\t\t<\/div>\n\t\t\t\t\t<\/div>\n\t\t\t\t<\/div>\n\t\t<div class=\"elementor-element elementor-element-9b9dc2b e-grid e-con-boxed e-con e-parent\" data-id=\"9b9dc2b\" data-element_type=\"container\" data-core-v316-plus=\"true\">\n\t\t\t\t\t<div class=\"e-con-inner\">\n\t\t\t\t<div class=\"elementor-element elementor-element-bdab08d elementor-widget elementor-widget-image\" data-id=\"bdab08d\" data-element_type=\"widget\" data-widget_type=\"image.default\">\n\t\t\t\t<div class=\"elementor-widget-container\">\n\t\t\t<style>\/*! elementor - v3.20.0 - 26-03-2024 *\/\n.elementor-widget-image{text-align:center}.elementor-widget-image a{display:inline-block}.elementor-widget-image a img[src$=\".svg\"]{width:48px}.elementor-widget-image img{vertical-align:middle;display:inline-block}<\/style>\t\t\t\t\t\t\t\t\t\t<img fetchpriority=\"high\" decoding=\"async\" width=\"1024\" height=\"576\" src=\"https:\/\/www.pascallanneau.be\/wp-content\/uploads\/2023\/12\/pigen-1024x576.jpg\" class=\"attachment-large size-large wp-image-7\" alt=\"\" srcset=\"https:\/\/www.pascallanneau.be\/wp-content\/uploads\/2023\/12\/pigen-1024x576.jpg 1024w, https:\/\/www.pascallanneau.be\/wp-content\/uploads\/2023\/12\/pigen-300x169.jpg 300w, https:\/\/www.pascallanneau.be\/wp-content\/uploads\/2023\/12\/pigen-768x432.jpg 768w, https:\/\/www.pascallanneau.be\/wp-content\/uploads\/2023\/12\/pigen.jpg 1280w\" sizes=\"(max-width: 1024px) 100vw, 1024px\" \/>\t\t\t\t\t\t\t\t\t\t\t\t\t<\/div>\n\t\t\t\t<\/div>\n\t\t\t\t<div class=\"elementor-element elementor-element-8f0ea3f elementor-widget elementor-widget-text-editor\" data-id=\"8f0ea3f\" data-element_type=\"widget\" data-widget_type=\"text-editor.default\">\n\t\t\t\t<div class=\"elementor-widget-container\">\n\t\t\t\t\t\t\t<p>Momenteel bestaat mijn praktijk dus hoofdzakelijk uit <strong>kleine huisdieren<\/strong>\u00a0en richt ik mij voor een groot deel ook op het bieden van medische en sportieve begeleiding voor\u00a0<strong>sportduiven<\/strong>.<\/p>\t\t\t\t\t\t<\/div>\n\t\t\t\t<\/div>\n\t\t\t\t\t<\/div>\n\t\t\t\t<\/div>\n\t\t<div class=\"elementor-element elementor-element-16939f6 e-flex e-con-boxed e-con e-parent\" data-id=\"16939f6\" data-element_type=\"container\" data-core-v316-plus=\"true\">\n\t\t\t\t\t<div class=\"e-con-inner\">\n\t\t\t\t<div class=\"elementor-element elementor-element-45929c7 elementor-widget elementor-widget-spacer\" data-id=\"45929c7\" data-element_type=\"widget\" data-widget_type=\"spacer.default\">\n\t\t\t\t<div class=\"elementor-widget-container\">\n\t\t\t\t\t<div class=\"elementor-spacer\">\n\t\t\t<div class=\"elementor-spacer-inner\"><\/div>\n\t\t<\/div>\n\t\t\t\t<\/div>\n\t\t\t\t<\/div>\n\t\t\t\t\t<\/div>\n\t\t\t\t<\/div>\n\t\t<div class=\"elementor-element elementor-element-2c28519 e-flex e-con-boxed e-con e-parent\" data-id=\"2c28519\" data-element_type=\"container\" data-core-v316-plus=\"true\">\n\t\t\t\t\t<div class=\"e-con-inner\">\n\t\t\t\t<div class=\"elementor-element elementor-element-4fe29aa elementor-widget elementor-widget-heading\" data-id=\"4fe29aa\" data-element_type=\"widget\" data-widget_type=\"heading.default\">\n\t\t\t\t<div class=\"elementor-widget-container\">\n\t\t\t<style>\/*! elementor - v3.20.0 - 26-03-2024 *\/\n.elementor-heading-title{padding:0;margin:0;line-height:1}.elementor-widget-heading .elementor-heading-title[class*=elementor-size-]>a{color:inherit;font-size:inherit;line-height:inherit}.elementor-widget-heading .elementor-heading-title.elementor-size-small{font-size:15px}.elementor-widget-heading .elementor-heading-title.elementor-size-medium{font-size:19px}.elementor-widget-heading .elementor-heading-title.elementor-size-large{font-size:29px}.elementor-widget-heading .elementor-heading-title.elementor-size-xl{font-size:39px}.elementor-widget-heading .elementor-heading-title.elementor-size-xxl{font-size:59px}<\/style><h3 class=\"elementor-heading-title elementor-size-default\">Mijn aanpak<\/h3>\t\t<\/div>\n\t\t\t\t<\/div>\n\t\t\t\t<div class=\"elementor-element elementor-element-5419381 elementor-widget elementor-widget-text-editor\" data-id=\"5419381\" data-element_type=\"widget\" data-widget_type=\"text-editor.default\">\n\t\t\t\t<div class=\"elementor-widget-container\">\n\t\t\t\t\t\t\t<p>Bij mijn praktijk staat\u00a0<strong>One Health<\/strong>\u00a0centraal om een optimale gezondheid voor jouw dier te bereiken. Enkel na grondig onderzoek wordt medicatie voorgeschreven. Daarnaast houd ik ook rekening met antibioticaresistentie en het belang van een natuurlijke aanpak. Ik zal steeds onnodige medicatie vermijden en waar mogelijk kiezen voor plantaardige alternatieven. Voor de duivenliefhebber heb ik om deze reden het P-Vet Products gamma ontwikkeld.<\/p>\t\t\t\t\t\t<\/div>\n\t\t\t\t<\/div>\n\t\t\t\t\t<\/div>\n\t\t\t\t<\/div>\n\t\t<div class=\"elementor-element elementor-element-4361ad8 e-flex e-con-boxed e-con e-parent\" data-id=\"4361ad8\" data-element_type=\"container\" data-core-v316-plus=\"true\">\n\t\t\t\t\t<div class=\"e-con-inner\">\n\t\t\t\t<div class=\"elementor-element elementor-element-342a941 elementor-widget elementor-widget-spacer\" data-id=\"342a941\" data-element_type=\"widget\" data-widget_type=\"spacer.default\">\n\t\t\t\t<div class=\"elementor-widget-container\">\n\t\t\t\t\t<div class=\"elementor-spacer\">\n\t\t\t<div class=\"elementor-spacer-inner\"><\/div>\n\t\t<\/div>\n\t\t\t\t<\/div>\n\t\t\t\t<\/div>\n\t\t\t\t\t<\/div>\n\t\t\t\t<\/div>\n\t\t<div class=\"elementor-element elementor-element-4c7f0c5 e-flex e-con-boxed e-con e-parent\" data-id=\"4c7f0c5\" data-element_type=\"container\" data-core-v316-plus=\"true\">\n\t\t\t\t\t<div class=\"e-con-inner\">\n\t\t\t\t<div class=\"elementor-element elementor-element-2d0d742 elementor-widget elementor-widget-heading\" data-id=\"2d0d742\" data-element_type=\"widget\" data-widget_type=\"heading.default\">\n\t\t\t\t<div class=\"elementor-widget-container\">\n\t\t\t<h3 class=\"elementor-heading-title elementor-size-default\">Mijn specialisatie in duiven\n<\/h3>\t\t<\/div>\n\t\t\t\t<\/div>\n\t\t\t\t<div class=\"elementor-element elementor-element-ca554ab elementor-widget elementor-widget-text-editor\" data-id=\"ca554ab\" data-element_type=\"widget\" data-widget_type=\"text-editor.default\">\n\t\t\t\t<div class=\"elementor-widget-container\">\n\t\t\t\t\t\t\t<p>Langzamerhand raakte ik steeds meer betrokken in de wondere wereld van de duivensport. De combinatie van het spel, de gezondheid en de interactie tussen beide maakt het heel interessant als dierenarts.<\/p>\n<p><!-- \/wp:paragraph --><!-- wp:paragraph --><\/p>\n<p>Ik heb diverse lezingen gegeven in binnen- en buitenland voor zowel duivenliefhebbers als collega duivendierenartsen. Tijdens internationale congressen in Polen en Duitsland heb ik presentaties verzorgd.<\/p>\t\t\t\t\t\t<\/div>\n\t\t\t\t<\/div>\n\t\t\t\t\t<\/div>\n\t\t\t\t<\/div>\n\t\t<div class=\"elementor-element elementor-element-1927d82 e-grid e-con-boxed e-con e-parent\" data-id=\"1927d82\" data-element_type=\"container\" data-core-v316-plus=\"true\">\n\t\t\t\t\t<div class=\"e-con-inner\">\n\t\t\t\t<div class=\"elementor-element elementor-element-e19db29 elementor-widget elementor-widget-image\" data-id=\"e19db29\" data-element_type=\"widget\" data-widget_type=\"image.default\">\n\t\t\t\t<div class=\"elementor-widget-container\">\n\t\t\t\t\t\t\t\t\t\t\t\t\t<img decoding=\"async\" width=\"1024\" height=\"680\" src=\"https:\/\/www.pascallanneau.be\/wp-content\/uploads\/2024\/01\/pascal-1024x680.jpg\" class=\"attachment-large size-large wp-image-104\" alt=\"\" srcset=\"https:\/\/www.pascallanneau.be\/wp-content\/uploads\/2024\/01\/pascal-1024x680.jpg 1024w, https:\/\/www.pascallanneau.be\/wp-content\/uploads\/2024\/01\/pascal-300x199.jpg 300w, https:\/\/www.pascallanneau.be\/wp-content\/uploads\/2024\/01\/pascal-768x510.jpg 768w, https:\/\/www.pascallanneau.be\/wp-content\/uploads\/2024\/01\/pascal.jpg 1355w\" sizes=\"(max-width: 1024px) 100vw, 1024px\" \/>\t\t\t\t\t\t\t\t\t\t\t\t\t<\/div>\n\t\t\t\t<\/div>\n\t\t\t\t<div class=\"elementor-element elementor-element-b007249 elementor-widget elementor-widget-text-editor\" data-id=\"b007249\" data-element_type=\"widget\" data-widget_type=\"text-editor.default\">\n\t\t\t\t<div class=\"elementor-widget-container\">\n\t\t\t\t\t\t\t<p>Als mede-oprichter van\u00a0<strong><a href=\"https:\/\/www.pigen.be\/\">PiGen<\/a><\/strong>\u00a0vof ben ik betrokken bij genetisch onderzoek bij duiven en heb ik een rol gespeeld bij de oprichting van IVPA Belgium, destijds FV, een vereniging van dierenartsen met bijzondere interesse in reisduiven.<\/p>\t\t\t\t\t\t<\/div>\n\t\t\t\t<\/div>\n\t\t\t\t\t<\/div>\n\t\t\t\t<\/div>\n\t\t<div class=\"elementor-element elementor-element-01f5856 e-flex e-con-boxed e-con e-parent\" data-id=\"01f5856\" data-element_type=\"container\" data-core-v316-plus=\"true\">\n\t\t\t\t\t<div class=\"e-con-inner\">\n\t\t\t\t<div class=\"elementor-element elementor-element-d943b9a elementor-widget elementor-widget-text-editor\" data-id=\"d943b9a\" data-element_type=\"widget\" data-widget_type=\"text-editor.default\">\n\t\t\t\t<div class=\"elementor-widget-container\">\n\t\t\t\t\t\t\t<p>Deze vereniging is inmiddels onderdeel van de\u00a0<strong><a href=\"https:\/\/www.ivpa.be\/\">International Veterinary Pigeons Association (IVPA)<\/a><\/strong>, waarvan ik momenteel voorzitter ben. Ik heb tevens het tweede IVPA World Congress georganiseerd, dat plaatsvond in november 2023 in Brussel (Belgi\u00eb). Daarnaast ben ik lid van de FCI Vet and Sci Committee (F\u00e9d\u00e9ration Colombophile International, Veterinary and Science Commission) en de Avian Task Force, die zich inzet om de restricties die zich voordoen na een vogelgriepuitbraak bij de duiven, te verminderen.<\/p>\n<p>\u00a0<\/p>\t\t\t\t\t\t<\/div>\n\t\t\t\t<\/div>\n\t\t\t\t\t<\/div>\n\t\t\t\t<\/div>\n\t\t\t\t<\/div>\n\t\t","protected":false},"excerpt":{"rendered":"<p>In 1997 voltooide ik mijn opleiding aan de Faculteit Diergeneeskunde van de Universiteit Gent. Op de campus Merelbeke, ben ik als eerste van mijn lichting afgestudeerd. In 1998 heb ik mijn eigen praktijk opgericht. In eerste instantie behandelde ik allerlei soorten dieren. Na enige tijd heb ik besloten om mij volledig te richten op kleine [&hellip;]<\/p>\n","protected":false},"author":1,"featured_media":0,"parent":0,"menu_order":0,"comment_status":"closed","ping_status":"closed","template":"","meta":{"footnotes":""},"class_list":["post-23","page","type-page","status-publish","hentry"],"_links":{"self":[{"href":"https:\/\/www.pascallanneau.be\/index.php?rest_route=\/wp\/v2\/pages\/23","targetHints":{"allow":["GET"]}}],"collection":[{"href":"https:\/\/www.pascallanneau.be\/index.php?rest_route=\/wp\/v2\/pages"}],"about":[{"href":"https:\/\/www.pascallanneau.be\/index.php?rest_route=\/wp\/v2\/types\/page"}],"author":[{"embeddable":true,"href":"https:\/\/www.pascallanneau.be\/index.php?rest_route=\/wp\/v2\/users\/1"}],"replies":[{"embeddable":true,"href":"https:\/\/www.pascallanneau.be\/index.php?rest_route=%2Fwp%2Fv2%2Fcomments&post=23"}],"version-history":[{"count":27,"href":"https:\/\/www.pascallanneau.be\/index.php?rest_route=\/wp\/v2\/pages\/23\/revisions"}],"predecessor-version":[{"id":162,"href":"https:\/\/www.pascallanneau.be\/index.php?rest_route=\/wp\/v2\/pages\/23\/revisions\/162"}],"wp:attachment":[{"href":"https:\/\/www.pascallanneau.be\/index.php?rest_route=%2Fwp%2Fv2%2Fmedia&parent=23"}],"curies":[{"name":"wp","href":"https:\/\/api.w.org\/{rel}","templated":true}]}}